{"id":103,"date":"2026-04-25T13:39:53","date_gmt":"2026-04-25T16:39:53","guid":{"rendered":"https:\/\/rvcosmeticos.com.br\/?page_id=103"},"modified":"2026-04-25T13:40:17","modified_gmt":"2026-04-25T16:40:17","slug":"cart","status":"publish","type":"page","link":"https:\/\/rvcosmeticos.com.br\/?page_id=103","title":{"rendered":"Cart"},"content":{"rendered":"\t\t<div data-elementor-type=\"wp-page\" data-elementor-id=\"103\" class=\"elementor elementor-103\" data-elementor-post-type=\"page\">\n\t\t\t\t<div class=\"elementor-element elementor-element-afcbbff e-flex e-con-boxed e-con e-parent\" data-id=\"afcbbff\" data-element_type=\"container\" data-e-type=\"container\" data-settings=\"{&quot;background_background&quot;:&quot;classic&quot;}\">\n\t\t\t\t\t<div class=\"e-con-inner\">\n\t\t<div class=\"elementor-element elementor-element-924c331 e-con-full e-flex e-con e-child\" data-id=\"924c331\" data-element_type=\"container\" data-e-type=\"container\">\n\t\t\t\t<div class=\"elementor-element elementor-element-6192d4b elementor-widget elementor-widget-heading\" data-id=\"6192d4b\" data-element_type=\"widget\" data-e-type=\"widget\" data-widget_type=\"heading.default\">\n\t\t\t\t\t<h5 class=\"elementor-heading-title elementor-size-default\">Experimente o Luxo<\/h5>\t\t\t\t<\/div>\n\t\t\t\t<div class=\"elementor-element elementor-element-5c6ffb5 elementor-widget elementor-widget-heading\" data-id=\"5c6ffb5\" data-element_type=\"widget\" data-e-type=\"widget\" data-widget_type=\"heading.default\">\n\t\t\t\t\t<h2 class=\"elementor-heading-title elementor-size-default\">Sua beleza, nossa paix\u00e3o.<\/h2>\t\t\t\t<\/div>\n\t\t\t\t<div class=\"elementor-element elementor-element-080f2e6 elementor-widget elementor-widget-text-editor\" data-id=\"080f2e6\" data-element_type=\"widget\" data-e-type=\"widget\" data-widget_type=\"text-editor.default\">\n\t\t\t\t\t\t\t\t\t<p>Descubra fragr\u00e2ncias que inspiram e produtos de beleza que real\u00e7am sua ess\u00eancia. A qualidade que voc\u00ea merece em cada detalhe.&nbsp;<\/p>\t\t\t\t\t\t\t\t<\/div>\n\t\t<div class=\"elementor-element elementor-element-0ddfc1c e-con-full e-flex e-con e-child\" data-id=\"0ddfc1c\" data-element_type=\"container\" data-e-type=\"container\">\n\t\t\t\t<div class=\"elementor-element elementor-element-1d0df00 elementor-widget__width-auto elementor-mobile-align-right elementor-widget elementor-widget-button\" data-id=\"1d0df00\" data-element_type=\"widget\" data-e-type=\"widget\" data-widget_type=\"button.default\">\n\t\t\t\t\t\t\t\t\t\t<a class=\"elementor-button elementor-button-link elementor-size-sm\" href=\"#\">\n\t\t\t\t\t\t<span class=\"elementor-button-content-wrapper\">\n\t\t\t\t\t\t\t\t\t<span class=\"elementor-button-text\">Finalizar Compra<\/span>\n\t\t\t\t\t<\/span>\n\t\t\t\t\t<\/a>\n\t\t\t\t\t\t\t\t<\/div>\n\t\t\t\t<div class=\"elementor-element elementor-element-955cf10 elementor-widget__width-auto elementor-mobile-align-right elementor-widget elementor-widget-button\" data-id=\"955cf10\" data-element_type=\"widget\" data-e-type=\"widget\" data-widget_type=\"button.default\">\n\t\t\t\t\t\t\t\t\t\t<a class=\"elementor-button elementor-button-link elementor-size-sm\" href=\"#\">\n\t\t\t\t\t\t<span class=\"elementor-button-content-wrapper\">\n\t\t\t\t\t\t\t\t\t<span class=\"elementor-button-text\">Ver Produtos<\/span>\n\t\t\t\t\t<\/span>\n\t\t\t\t\t<\/a>\n\t\t\t\t\t\t\t\t<\/div>\n\t\t\t\t<\/div>\n\t\t\t\t<\/div>\n\t\t\t\t\t<\/div>\n\t\t\t\t<\/div>\n\t\t<div class=\"elementor-element elementor-element-abe7c6d e-flex e-con-boxed e-con e-parent\" data-id=\"abe7c6d\" data-element_type=\"container\" data-e-type=\"container\">\n\t\t\t\t\t<div class=\"e-con-inner\">\n\t\t\t\t<div class=\"elementor-element elementor-element-0974924 elementor-widget elementor-widget-heading\" data-id=\"0974924\" data-element_type=\"widget\" data-e-type=\"widget\" data-widget_type=\"heading.default\">\n\t\t\t\t\t<h2 class=\"elementor-heading-title elementor-size-default\">Carrinho de Compras<\/h2>\t\t\t\t<\/div>\n\t\t\t\t<div class=\"elementor-element elementor-element-a9418dd e-cart-layout-two-column elementor-widget elementor-widget-woocommerce-cart\" data-id=\"a9418dd\" data-element_type=\"widget\" data-e-type=\"widget\" data-widget_type=\"woocommerce-cart.default\">\n\t\t\t\t<div class=\"elementor-widget-container\">\n\t\t\t\t\t<div class=\"woocommerce\"><div class=\"woocommerce-notices-wrapper\"><\/div><div class=\"wc-empty-cart-message\">\n\t<div class=\"cart-empty woocommerce-info\" role=\"status\">\n\t\tSeu carrinho est\u00e1 vazio.\t<\/div>\n<\/div>\t<p class=\"return-to-shop\">\n\t\t<a class=\"button wc-backward\" href=\"https:\/\/rvcosmeticos.com.br\">\n\t\t\tRetornar para a loja\t\t<\/a>\n\t<\/p>\n<\/div>\t\t\t\t<\/div>\n\t\t\t\t<\/div>\n\t\t\t\t<div class=\"elementor-element elementor-element-f42e89f elementor-widget-divider--view-line elementor-widget elementor-widget-divider\" data-id=\"f42e89f\" data-element_type=\"widget\" data-e-type=\"widget\" data-widget_type=\"divider.default\">\n\t\t\t\t\t\t\t<div class=\"elementor-divider\">\n\t\t\t<span class=\"elementor-divider-separator\">\n\t\t\t\t\t\t<\/span>\n\t\t<\/div>\n\t\t\t\t\t\t<\/div>\n\t\t\t\t<div class=\"elementor-element elementor-element-30c35a9 elementor-widget elementor-widget-heading\" data-id=\"30c35a9\" data-element_type=\"widget\" data-e-type=\"widget\" data-widget_type=\"heading.default\">\n\t\t\t\t\t<h2 class=\"elementor-heading-title elementor-size-default\">Produtos Adicionais: <\/h2>\t\t\t\t<\/div>\n\t\t\t\t<div class=\"elementor-element elementor-element-705f456 elementor-product-loop-item--align-left elementor-grid-4 elementor-grid-tablet-3 elementor-grid-mobile-2 elementor-products-grid elementor-wc-products elementor-widget elementor-widget-woocommerce-products\" data-id=\"705f456\" data-element_type=\"widget\" data-e-type=\"widget\" data-widget_type=\"woocommerce-products.default\">\n\t\t\t\t<div class=\"elementor-widget-container\">\n\t\t\t\t\t<div class=\"woocommerce columns-4 \"><ul class=\"products elementor-grid columns-4\">\n<li class=\"product type-product post-185 status-publish first instock product_cat-perfumes product_cat-rv product_tag-erba-pura product_tag-rv product_tag-turim product_tag-xerjoff has-post-thumbnail sale shipping-taxable purchasable product-type-simple\">\n\t<a href=\"https:\/\/rvcosmeticos.com.br\/?product=rv-turim\" class=\"woocommerce-LoopProduct-link woocommerce-loop-product__link\">\n\t<span class=\"onsale\">Oferta!<\/span>\n\t<img fetchpriority=\"high\" decoding=\"async\" width=\"300\" height=\"300\" src=\"https:\/\/rvcosmeticos.com.br\/wp-content\/uploads\/2026\/04\/RVTurim_2-300x300.png\" class=\"attachment-woocommerce_thumbnail size-woocommerce_thumbnail\" alt=\"RV Turim\" srcset=\"https:\/\/rvcosmeticos.com.br\/wp-content\/uploads\/2026\/04\/RVTurim_2-300x300.png 300w, https:\/\/rvcosmeticos.com.br\/wp-content\/uploads\/2026\/04\/RVTurim_2-150x150.png 150w, https:\/\/rvcosmeticos.com.br\/wp-content\/uploads\/2026\/04\/RVTurim_2-100x100.png 100w\" sizes=\"(max-width: 300px) 100vw, 300px\" \/><h2 class=\"woocommerce-loop-product__title\">RV Turim<\/h2>\n\t<span class=\"price\"><del aria-hidden=\"true\"><span class=\"woocommerce-Price-amount amount\"><bdi><span class=\"woocommerce-Price-currencySymbol\">&#82;&#36;<\/span>&nbsp;249,00<\/bdi><\/span><\/del> <span class=\"screen-reader-text\">O pre\u00e7o original era: &#082;&#036;&nbsp;249,00.<\/span><ins aria-hidden=\"true\"><span class=\"woocommerce-Price-amount amount\"><bdi><span class=\"woocommerce-Price-currencySymbol\">&#82;&#36;<\/span>&nbsp;229,00<\/bdi><\/span><\/ins><span class=\"screen-reader-text\">O pre\u00e7o atual \u00e9: &#082;&#036;&nbsp;229,00.<\/span><\/span>\n<\/a><a href=\"\/index.php?rest_route=%2Fwp%2Fv2%2Fpages%2F103&#038;add-to-cart=185\" aria-describedby=\"woocommerce_loop_add_to_cart_link_describedby_185\" data-quantity=\"1\" class=\"button product_type_simple add_to_cart_button ajax_add_to_cart\" data-product_id=\"185\" data-product_sku=\"RVT0001\" aria-label=\"Adicione ao carrinho: &ldquo;RV Turim&rdquo;\" rel=\"nofollow\" data-success_message=\"\u201cRV Turim\u201d foi adicionado ao seu carrinho\" role=\"button\">Adicionar ao carrinho<\/a>\t<span id=\"woocommerce_loop_add_to_cart_link_describedby_185\" class=\"screen-reader-text\">\n\t\t\t<\/span>\n<\/li>\n<li class=\"product type-product post-92 status-publish instock product_cat-sem-categoria has-post-thumbnail shipping-taxable purchasable product-type-simple\">\n\t<a href=\"https:\/\/rvcosmeticos.com.br\/?product=belt\" class=\"woocommerce-LoopProduct-link woocommerce-loop-product__link\"><img decoding=\"async\" width=\"300\" height=\"300\" src=\"https:\/\/rvcosmeticos.com.br\/wp-content\/uploads\/2026\/04\/belt-2-300x300.jpg\" class=\"attachment-woocommerce_thumbnail size-woocommerce_thumbnail\" alt=\"Belt\" srcset=\"https:\/\/rvcosmeticos.com.br\/wp-content\/uploads\/2026\/04\/belt-2-300x300.jpg 300w, https:\/\/rvcosmeticos.com.br\/wp-content\/uploads\/2026\/04\/belt-2-150x150.jpg 150w, https:\/\/rvcosmeticos.com.br\/wp-content\/uploads\/2026\/04\/belt-2-768x768.jpg 768w, https:\/\/rvcosmeticos.com.br\/wp-content\/uploads\/2026\/04\/belt-2-600x600.jpg 600w, https:\/\/rvcosmeticos.com.br\/wp-content\/uploads\/2026\/04\/belt-2-100x100.jpg 100w, https:\/\/rvcosmeticos.com.br\/wp-content\/uploads\/2026\/04\/belt-2.jpg 801w\" sizes=\"(max-width: 300px) 100vw, 300px\" \/><h2 class=\"woocommerce-loop-product__title\">Belt<\/h2>\n\t<span class=\"price\"><span class=\"woocommerce-Price-amount amount\"><bdi><span class=\"woocommerce-Price-currencySymbol\">&#82;&#36;<\/span>&nbsp;65,00<\/bdi><\/span><\/span>\n<\/a><a href=\"\/index.php?rest_route=%2Fwp%2Fv2%2Fpages%2F103&#038;add-to-cart=92\" aria-describedby=\"woocommerce_loop_add_to_cart_link_describedby_92\" data-quantity=\"1\" class=\"button product_type_simple add_to_cart_button ajax_add_to_cart\" data-product_id=\"92\" data-product_sku=\"\" aria-label=\"Adicione ao carrinho: &ldquo;Belt&rdquo;\" rel=\"nofollow\" data-success_message=\"\u201cBelt\u201d foi adicionado ao seu carrinho\" role=\"button\">Adicionar ao carrinho<\/a>\t<span id=\"woocommerce_loop_add_to_cart_link_describedby_92\" class=\"screen-reader-text\">\n\t\t\t<\/span>\n<\/li>\n<li class=\"product type-product post-91 status-publish instock product_cat-sem-categoria has-post-thumbnail shipping-taxable purchasable product-type-simple\">\n\t<a href=\"https:\/\/rvcosmeticos.com.br\/?product=hoodie-with-logo\" class=\"woocommerce-LoopProduct-link woocommerce-loop-product__link\"><img decoding=\"async\" width=\"300\" height=\"300\" src=\"https:\/\/rvcosmeticos.com.br\/wp-content\/uploads\/2026\/04\/hoodie-with-logo-2-300x300.jpg\" class=\"attachment-woocommerce_thumbnail size-woocommerce_thumbnail\" alt=\"Hoodie with Logo\" srcset=\"https:\/\/rvcosmeticos.com.br\/wp-content\/uploads\/2026\/04\/hoodie-with-logo-2-300x300.jpg 300w, https:\/\/rvcosmeticos.com.br\/wp-content\/uploads\/2026\/04\/hoodie-with-logo-2-150x150.jpg 150w, https:\/\/rvcosmeticos.com.br\/wp-content\/uploads\/2026\/04\/hoodie-with-logo-2-768x768.jpg 768w, https:\/\/rvcosmeticos.com.br\/wp-content\/uploads\/2026\/04\/hoodie-with-logo-2-600x600.jpg 600w, https:\/\/rvcosmeticos.com.br\/wp-content\/uploads\/2026\/04\/hoodie-with-logo-2-100x100.jpg 100w, https:\/\/rvcosmeticos.com.br\/wp-content\/uploads\/2026\/04\/hoodie-with-logo-2.jpg 801w\" sizes=\"(max-width: 300px) 100vw, 300px\" \/><h2 class=\"woocommerce-loop-product__title\">Hoodie with Logo<\/h2>\n\t<span class=\"price\"><span class=\"woocommerce-Price-amount amount\"><bdi><span class=\"woocommerce-Price-currencySymbol\">&#82;&#36;<\/span>&nbsp;45,00<\/bdi><\/span><\/span>\n<\/a><a href=\"\/index.php?rest_route=%2Fwp%2Fv2%2Fpages%2F103&#038;add-to-cart=91\" aria-describedby=\"woocommerce_loop_add_to_cart_link_describedby_91\" data-quantity=\"1\" class=\"button product_type_simple add_to_cart_button ajax_add_to_cart\" data-product_id=\"91\" data-product_sku=\"\" aria-label=\"Adicione ao carrinho: &ldquo;Hoodie with Logo&rdquo;\" rel=\"nofollow\" data-success_message=\"\u201cHoodie with Logo\u201d foi adicionado ao seu carrinho\" role=\"button\">Adicionar ao carrinho<\/a>\t<span id=\"woocommerce_loop_add_to_cart_link_describedby_91\" class=\"screen-reader-text\">\n\t\t\t<\/span>\n<\/li>\n<li class=\"product type-product post-90 status-publish last instock product_cat-sem-categoria has-post-thumbnail shipping-taxable purchasable product-type-simple\">\n\t<a href=\"https:\/\/rvcosmeticos.com.br\/?product=t-shirt\" class=\"woocommerce-LoopProduct-link woocommerce-loop-product__link\"><img loading=\"lazy\" decoding=\"async\" width=\"300\" height=\"300\" src=\"https:\/\/rvcosmeticos.com.br\/wp-content\/uploads\/2026\/04\/tshirt-2-300x300.jpg\" class=\"attachment-woocommerce_thumbnail size-woocommerce_thumbnail\" alt=\"T-Shirt\" srcset=\"https:\/\/rvcosmeticos.com.br\/wp-content\/uploads\/2026\/04\/tshirt-2-300x300.jpg 300w, https:\/\/rvcosmeticos.com.br\/wp-content\/uploads\/2026\/04\/tshirt-2-150x150.jpg 150w, https:\/\/rvcosmeticos.com.br\/wp-content\/uploads\/2026\/04\/tshirt-2-768x768.jpg 768w, https:\/\/rvcosmeticos.com.br\/wp-content\/uploads\/2026\/04\/tshirt-2-600x600.jpg 600w, https:\/\/rvcosmeticos.com.br\/wp-content\/uploads\/2026\/04\/tshirt-2-100x100.jpg 100w, https:\/\/rvcosmeticos.com.br\/wp-content\/uploads\/2026\/04\/tshirt-2.jpg 801w\" sizes=\"(max-width: 300px) 100vw, 300px\" \/><h2 class=\"woocommerce-loop-product__title\">T-Shirt<\/h2>\n\t<span class=\"price\"><span class=\"woocommerce-Price-amount amount\"><bdi><span class=\"woocommerce-Price-currencySymbol\">&#82;&#36;<\/span>&nbsp;18,00<\/bdi><\/span><\/span>\n<\/a><a href=\"\/index.php?rest_route=%2Fwp%2Fv2%2Fpages%2F103&#038;add-to-cart=90\" aria-describedby=\"woocommerce_loop_add_to_cart_link_describedby_90\" data-quantity=\"1\" class=\"button product_type_simple add_to_cart_button ajax_add_to_cart\" data-product_id=\"90\" data-product_sku=\"\" aria-label=\"Adicione ao carrinho: &ldquo;T-Shirt&rdquo;\" rel=\"nofollow\" data-success_message=\"\u201cT-Shirt\u201d foi adicionado ao seu carrinho\" role=\"button\">Adicionar ao carrinho<\/a>\t<span id=\"woocommerce_loop_add_to_cart_link_describedby_90\" class=\"screen-reader-text\">\n\t\t\t<\/span>\n<\/li>\n<\/ul>\n<\/div>\t\t\t\t<\/div>\n\t\t\t\t<\/div>\n\t\t\t\t\t<\/div>\n\t\t\t\t<\/div>\n\t\t\t\t<\/div>\n\t\t","protected":false},"excerpt":{"rendered":"<p>Experimente o Luxo Sua beleza, nossa paix\u00e3o. Descubra fragr\u00e2ncias que inspiram e produtos de beleza que real\u00e7am sua ess\u00eancia. A qualidade que voc\u00ea merece em cada detalhe.&nbsp; Finalizar Compra Ver Produtos Carrinho de Compras Seu carrinho est\u00e1 vazio. Retornar para a loja Produtos Adicionais:<\/p>\n","protected":false},"author":2,"featured_media":0,"parent":0,"menu_order":0,"comment_status":"closed","ping_status":"closed","template":"","meta":{"footnotes":""},"class_list":["post-103","page","type-page","status-publish","hentry"],"_links":{"self":[{"href":"https:\/\/rvcosmeticos.com.br\/index.php?rest_route=\/wp\/v2\/pages\/103","targetHints":{"allow":["GET"]}}],"collection":[{"href":"https:\/\/rvcosmeticos.com.br\/index.php?rest_route=\/wp\/v2\/pages"}],"about":[{"href":"https:\/\/rvcosmeticos.com.br\/index.php?rest_route=\/wp\/v2\/types\/page"}],"author":[{"embeddable":true,"href":"https:\/\/rvcosmeticos.com.br\/index.php?rest_route=\/wp\/v2\/users\/2"}],"replies":[{"embeddable":true,"href":"https:\/\/rvcosmeticos.com.br\/index.php?rest_route=%2Fwp%2Fv2%2Fcomments&post=103"}],"version-history":[{"count":1,"href":"https:\/\/rvcosmeticos.com.br\/index.php?rest_route=\/wp\/v2\/pages\/103\/revisions"}],"predecessor-version":[{"id":118,"href":"https:\/\/rvcosmeticos.com.br\/index.php?rest_route=\/wp\/v2\/pages\/103\/revisions\/118"}],"wp:attachment":[{"href":"https:\/\/rvcosmeticos.com.br\/index.php?rest_route=%2Fwp%2Fv2%2Fmedia&parent=103"}],"curies":[{"name":"wp","href":"https:\/\/api.w.org\/{rel}","templated":true}]}}